
{"id":17,"date":"2023-06-16T17:49:50","date_gmt":"2023-06-16T17:49:50","guid":{"rendered":"https:\/\/nucitec.nubead.website\/?page_id=17"},"modified":"2023-07-18T20:14:53","modified_gmt":"2023-07-18T20:14:53","slug":"tecnologia-e-innovacion","status":"publish","type":"page","link":"https:\/\/nucitec.nubead.website\/index.php\/tecnologia-e-innovacion\/","title":{"rendered":"Tecnolog\u00eda e innovaci\u00f3n"},"content":{"rendered":"\t\t<div data-elementor-type=\"wp-page\" data-elementor-id=\"17\" class=\"elementor elementor-17\">\n\t\t\t\t\t\t\t\t\t<section class=\"elementor-section elementor-top-section elementor-element elementor-element-96e03d1 elementor-section-boxed elementor-section-height-default elementor-section-height-default\" data-id=\"96e03d1\" data-element_type=\"section\">\n\t\t\t\t\t\t<div class=\"elementor-container elementor-column-gap-default\">\n\t\t\t\t\t<div class=\"elementor-column elementor-col-100 elementor-top-column elementor-element elementor-element-257bc39\" data-id=\"257bc39\" data-element_type=\"column\">\n\t\t\t<div class=\"elementor-widget-wrap elementor-element-populated\">\n\t\t\t\t\t\t\t\t<div class=\"elementor-element elementor-element-4f2cc75 elementor-widget elementor-widget-html\" data-id=\"4f2cc75\" data-element_type=\"widget\" data-widget_type=\"html.default\">\n\t\t\t\t<div class=\"elementor-widget-container\">\n\t\t\t<video autoplay muted loop id=\"myVideo\"><source src=\"https:\/\/nucitec.nubead.website\/wp-content\/uploads\/2023\/06\/Header_2.mp4\">Your browser does not support HTML5 video.\n<\/video>\t\t<\/div>\n\t\t\t\t<\/div>\n\t\t\t\t\t<\/div>\n\t\t<\/div>\n\t\t\t\t\t\t\t<\/div>\n\t\t<\/section>\n\t\t\t\t<section class=\"elementor-section elementor-top-section elementor-element elementor-element-5d7e383 elementor-section-boxed elementor-section-height-default elementor-section-height-default\" data-id=\"5d7e383\" data-element_type=\"section\">\n\t\t\t\t\t\t<div class=\"elementor-container elementor-column-gap-default\">\n\t\t\t\t\t<div class=\"elementor-column elementor-col-100 elementor-top-column elementor-element elementor-element-864f86a\" data-id=\"864f86a\" data-element_type=\"column\">\n\t\t\t<div class=\"elementor-widget-wrap elementor-element-populated\">\n\t\t\t\t\t\t\t\t<div class=\"elementor-element elementor-element-89e274a elementor-widget elementor-widget-html\" data-id=\"89e274a\" data-element_type=\"widget\" data-widget_type=\"html.default\">\n\t\t\t\t<div class=\"elementor-widget-container\">\n\t\t\t<video autoplay muted loop id=\"myVideo\"><source src=\"https:\/\/nucitec.nubead.website\/wp-content\/uploads\/2023\/06\/Header_3.mp4\">Your browser does not support HTML5 video.\n<\/video>\t\t<\/div>\n\t\t\t\t<\/div>\n\t\t\t\t\t<\/div>\n\t\t<\/div>\n\t\t\t\t\t\t\t<\/div>\n\t\t<\/section>\n\t\t\t\t<section class=\"elementor-section elementor-top-section elementor-element elementor-element-426d1c7 elementor-section-boxed elementor-section-height-default elementor-section-height-default\" data-id=\"426d1c7\" data-element_type=\"section\">\n\t\t\t\t\t\t<div class=\"elementor-container elementor-column-gap-default\">\n\t\t\t\t\t<div class=\"elementor-column elementor-col-33 elementor-top-column elementor-element elementor-element-7252d1d\" data-id=\"7252d1d\" data-element_type=\"column\">\n\t\t\t<div class=\"elementor-widget-wrap elementor-element-populated\">\n\t\t\t\t\t\t\t\t<div class=\"elementor-element elementor-element-386bc04 elementor-widget elementor-widget-text-editor\" data-id=\"386bc04\" data-element_type=\"widget\" data-widget_type=\"text-editor.default\">\n\t\t\t\t<div class=\"elementor-widget-container\">\n\t\t\t<style>\/*! elementor - v3.13.3 - 28-05-2023 *\/\n.elementor-widget-text-editor.elementor-drop-cap-view-stacked .elementor-drop-cap{background-color:#69727d;color:#fff}.elementor-widget-text-editor.elementor-drop-cap-view-framed .elementor-drop-cap{color:#69727d;border:3px solid;background-color:transparent}.elementor-widget-text-editor:not(.elementor-drop-cap-view-default) .elementor-drop-cap{margin-top:8px}.elementor-widget-text-editor:not(.elementor-drop-cap-view-default) .elementor-drop-cap-letter{width:1em;height:1em}.elementor-widget-text-editor .elementor-drop-cap{float:left;text-align:center;line-height:1;font-size:50px}.elementor-widget-text-editor .elementor-drop-cap-letter{display:inline-block}<\/style>\t\t\t\t<p class=\"p1\">Nos especializamos en<\/p>\t\t\t\t\t\t<\/div>\n\t\t\t\t<\/div>\n\t\t\t\t<div class=\"elementor-element elementor-element-3c1d2da elementor-widget elementor-widget-image\" data-id=\"3c1d2da\" data-element_type=\"widget\" data-widget_type=\"image.default\">\n\t\t\t\t<div class=\"elementor-widget-container\">\n\t\t\t<style>\/*! elementor - v3.13.3 - 28-05-2023 *\/\n.elementor-widget-image{text-align:center}.elementor-widget-image a{display:inline-block}.elementor-widget-image a img[src$=\".svg\"]{width:48px}.elementor-widget-image img{vertical-align:middle;display:inline-block}<\/style>\t\t\t\t\t\t\t\t\t\t\t\t<img decoding=\"async\" width=\"525\" height=\"265\" src=\"https:\/\/nucitec.nubead.website\/wp-content\/uploads\/2023\/06\/img-02.jpg\" class=\"attachment-medium_large size-medium_large wp-image-7\" alt=\"\" loading=\"lazy\" srcset=\"https:\/\/nucitec.nubead.website\/wp-content\/uploads\/2023\/06\/img-02.jpg 540w, https:\/\/nucitec.nubead.website\/wp-content\/uploads\/2023\/06\/img-02-300x152.jpg 300w\" sizes=\"(max-width: 525px) 100vw, 525px\" \/>\t\t\t\t\t\t\t\t\t\t\t\t\t\t\t<\/div>\n\t\t\t\t<\/div>\n\t\t\t\t<div class=\"elementor-element elementor-element-a35ac53 elementor-widget elementor-widget-text-editor\" data-id=\"a35ac53\" data-element_type=\"widget\" data-widget_type=\"text-editor.default\">\n\t\t\t\t<div class=\"elementor-widget-container\">\n\t\t\t\t\t\t\t<p class=\"p1\" style=\"color: #606163;\"><strong>Nos especializamos en el tratamiento de los siguientes padecimientos:<\/strong> Desnutrici\u00f3n, osteoporosis, insuficiencia renal, obesidad, hipertensi\u00f3n, cardiovasculares y anemia.<\/p>\n\n<div style=\"width: 100%; text-align: center;\">\n\n<a href=\"#\" style=\"width: 30%; display: inline-block;\"><strong style=\"color: #137fc3; display: block; float: left;\">Leer m\u00e1s <\/strong><div style=\"color: #ffffff; background-color: #137fc3; width:25px; height:25px; border-radius: 50%; float: left; display: block; margin-left: 10px;\">&gt;<\/div><\/a><\/div>\t\t\t\t\t\t<\/div>\n\t\t\t\t<\/div>\n\t\t\t\t\t<\/div>\n\t\t<\/div>\n\t\t\t\t<div class=\"elementor-column elementor-col-33 elementor-top-column elementor-element elementor-element-86e9604\" data-id=\"86e9604\" data-element_type=\"column\">\n\t\t\t<div class=\"elementor-widget-wrap elementor-element-populated\">\n\t\t\t\t\t\t\t\t<div class=\"elementor-element elementor-element-9c166c7 elementor-widget elementor-widget-text-editor\" data-id=\"9c166c7\" data-element_type=\"widget\" data-widget_type=\"text-editor.default\">\n\t\t\t\t<div class=\"elementor-widget-container\">\n\t\t\t\t\t\t\t<p class=\"p1\">Modelo de Gesti\u00f3n de tecnolog\u00eda<\/p>\t\t\t\t\t\t<\/div>\n\t\t\t\t<\/div>\n\t\t\t\t<div class=\"elementor-element elementor-element-b0cb175 elementor-widget elementor-widget-image\" data-id=\"b0cb175\" data-element_type=\"widget\" data-widget_type=\"image.default\">\n\t\t\t\t<div class=\"elementor-widget-container\">\n\t\t\t\t\t\t\t\t\t\t\t\t\t\t\t<img decoding=\"async\" width=\"525\" height=\"265\" src=\"https:\/\/nucitec.nubead.website\/wp-content\/uploads\/2023\/06\/img-01.jpg\" class=\"attachment-medium_large size-medium_large wp-image-6\" alt=\"\" loading=\"lazy\" srcset=\"https:\/\/nucitec.nubead.website\/wp-content\/uploads\/2023\/06\/img-01.jpg 540w, https:\/\/nucitec.nubead.website\/wp-content\/uploads\/2023\/06\/img-01-300x152.jpg 300w\" sizes=\"(max-width: 525px) 100vw, 525px\" \/>\t\t\t\t\t\t\t\t\t\t\t\t\t\t\t<\/div>\n\t\t\t\t<\/div>\n\t\t\t\t<div class=\"elementor-element elementor-element-c510f9d elementor-widget elementor-widget-text-editor\" data-id=\"c510f9d\" data-element_type=\"widget\" data-widget_type=\"text-editor.default\">\n\t\t\t\t<div class=\"elementor-widget-container\">\n\t\t\t\t\t\t\t<p class=\"p1\">Implementamos un Modelo de Gesti\u00f3n de tecnolog\u00eda para sistematizar la investigaci\u00f3n, el desarrollo, la innovaci\u00f3n y la explotaci\u00f3n de tecnolog\u00edas, este modelo gana El Premio Nacional de tecnolog\u00eda en 2007<\/p>\n\n<div style=\"width: 100%; text-align: center;\">\n\n<a href=\"#\" style=\"width: 30%; display: inline-block;\"><strong style=\"color: #137fc3; display: block; float: left;\">Leer m\u00e1s <\/strong><div style=\"color: #ffffff; background-color: #137fc3; width:25px; height:25px; border-radius: 50%; float: left; display: block; margin-left: 10px;\">&gt;<\/div><\/a><\/div>\t\t\t\t\t\t<\/div>\n\t\t\t\t<\/div>\n\t\t\t\t\t<\/div>\n\t\t<\/div>\n\t\t\t\t<div class=\"elementor-column elementor-col-33 elementor-top-column elementor-element elementor-element-6a1a7a8\" data-id=\"6a1a7a8\" data-element_type=\"column\">\n\t\t\t<div class=\"elementor-widget-wrap elementor-element-populated\">\n\t\t\t\t\t\t\t\t<div class=\"elementor-element elementor-element-f754e2e elementor-widget elementor-widget-text-editor\" data-id=\"f754e2e\" data-element_type=\"widget\" data-widget_type=\"text-editor.default\">\n\t\t\t\t<div class=\"elementor-widget-container\">\n\t\t\t\t\t\t\t<p class=\"p1\">Certificaci\u00f3n de Buenas pr\u00e1cticas<\/p>\t\t\t\t\t\t<\/div>\n\t\t\t\t<\/div>\n\t\t\t\t<div class=\"elementor-element elementor-element-4153b9b elementor-widget elementor-widget-image\" data-id=\"4153b9b\" data-element_type=\"widget\" data-widget_type=\"image.default\">\n\t\t\t\t<div class=\"elementor-widget-container\">\n\t\t\t\t\t\t\t\t\t\t\t\t\t\t\t<img decoding=\"async\" width=\"525\" height=\"265\" src=\"https:\/\/nucitec.nubead.website\/wp-content\/uploads\/2023\/06\/img-03.jpg\" class=\"attachment-medium_large size-medium_large wp-image-8\" alt=\"\" loading=\"lazy\" srcset=\"https:\/\/nucitec.nubead.website\/wp-content\/uploads\/2023\/06\/img-03.jpg 540w, https:\/\/nucitec.nubead.website\/wp-content\/uploads\/2023\/06\/img-03-300x152.jpg 300w\" sizes=\"(max-width: 525px) 100vw, 525px\" \/>\t\t\t\t\t\t\t\t\t\t\t\t\t\t\t<\/div>\n\t\t\t\t<\/div>\n\t\t\t\t<div class=\"elementor-element elementor-element-a41d8e2 elementor-widget elementor-widget-text-editor\" data-id=\"a41d8e2\" data-element_type=\"widget\" data-widget_type=\"text-editor.default\">\n\t\t\t\t<div class=\"elementor-widget-container\">\n\t\t\t\t\t\t\t<p class=\"p1\">Nuestras plantas de producci\u00f3n cuentan con la Certificaci\u00f3n de Buenas pr\u00e1cticas de Manufactura otorgado por la Comisi\u00f3n Federal para la Protecci\u00f3n contra Riesgos Sanitarios.<\/p>\n\n<div style=\"width: 100%; text-align: center;\"><a href=\"#\" style=\"width: 30%; display: inline-block;\"><strong style=\"color: #137fc3; display: block; float: left;\">Leer m\u00e1s <\/strong><div style=\"color: #ffffff; background-color: #137fc3; width:25px; height:25px; border-radius: 50%; float: left; display: block; margin-left: 10px;\">&gt;<\/div><\/a><\/div>\t\t\t\t\t\t<\/div>\n\t\t\t\t<\/div>\n\t\t\t\t\t<\/div>\n\t\t<\/div>\n\t\t\t\t\t\t\t<\/div>\n\t\t<\/section>\n\t\t\t\t\t\t\t<\/div>\n\t\t","protected":false},"excerpt":{"rendered":"<p>Your browser does not support HTML5 video. Your browser does not support HTML5 video. Nos especializamos en Nos especializamos en el tratamiento de los siguientes&hellip;<\/p>\n","protected":false},"author":1,"featured_media":0,"parent":0,"menu_order":0,"comment_status":"closed","ping_status":"closed","template":"","meta":[],"_links":{"self":[{"href":"https:\/\/nucitec.nubead.website\/index.php\/wp-json\/wp\/v2\/pages\/17"}],"collection":[{"href":"https:\/\/nucitec.nubead.website\/index.php\/wp-json\/wp\/v2\/pages"}],"about":[{"href":"https:\/\/nucitec.nubead.website\/index.php\/wp-json\/wp\/v2\/types\/page"}],"author":[{"embeddable":true,"href":"https:\/\/nucitec.nubead.website\/index.php\/wp-json\/wp\/v2\/users\/1"}],"replies":[{"embeddable":true,"href":"https:\/\/nucitec.nubead.website\/index.php\/wp-json\/wp\/v2\/comments?post=17"}],"version-history":[{"count":65,"href":"https:\/\/nucitec.nubead.website\/index.php\/wp-json\/wp\/v2\/pages\/17\/revisions"}],"predecessor-version":[{"id":288,"href":"https:\/\/nucitec.nubead.website\/index.php\/wp-json\/wp\/v2\/pages\/17\/revisions\/288"}],"wp:attachment":[{"href":"https:\/\/nucitec.nubead.website\/index.php\/wp-json\/wp\/v2\/media?parent=17"}],"curies":[{"name":"wp","href":"https:\/\/api.w.org\/{rel}","templated":true}]}}